
			
			{"id":14994,"date":"2020-03-11T19:39:22","date_gmt":"2020-03-11T19:39:22","guid":{"rendered":"https:\/\/americaron.org\/devenir-membre\/"},"modified":"2025-01-17T20:23:36","modified_gmt":"2025-01-17T20:23:36","slug":"devenir-membre","status":"publish","type":"page","link":"https:\/\/americaron.org\/en\/devenir-membre\/","title":{"rendered":"Become a member"},"content":{"rendered":"<p>[et_pb_section fb_built=&#8221;1&#8243; admin_label=&#8221;section&#8221; _builder_version=&#8221;4.16&#8243; global_colors_info=&#8221;{}&#8221;][et_pb_row admin_label=&#8221;row&#8221; _builder_version=&#8221;4.16&#8243; background_size=&#8221;initial&#8221; background_position=&#8221;top_left&#8221; background_repeat=&#8221;repeat&#8221; global_colors_info=&#8221;{}&#8221;][et_pb_column type=&#8221;4_4&#8243; _builder_version=&#8221;4.16&#8243; custom_padding=&#8221;|||&#8221; global_colors_info=&#8221;{}&#8221; custom_padding__hover=&#8221;|||&#8221;][et_pb_text admin_label=&#8221;Text&#8221; _builder_version=&#8221;4.17.1&#8243; background_size=&#8221;initial&#8221; background_position=&#8221;top_left&#8221; background_repeat=&#8221;repeat&#8221; hover_enabled=&#8221;0&#8243; global_colors_info=&#8221;{}&#8221; sticky_enabled=&#8221;0&#8243;]<\/p>\n<p><strong>Advantages to becoming a member:<\/strong><\/p>\n<ul>\n<li>Support your association with you annual membership dues<\/li>\n<li>Recevoir our newsletter To Hold and to Serve (French with some english translation)<\/li>\n<li>Access to the association\u2019s genealogical database. (PDF)<\/li>\n<\/ul>\n<p><strong>Annual membership : (<span style=\"color: #0000ff;\">Two<\/span> <span style=\"color: #ff0000;\">options<\/span>)<\/strong><\/p>\n<ul>\n<li>Receive your journal by <span style=\"color: #0000ff;\"><strong>email for 30$<\/strong><\/span>: *<\/li>\n<li>Receive your journal by <span style=\"color: #ff0000;\"><strong>regular mail for 40$<\/strong><\/span>: *<\/li>\n<\/ul>\n<p style=\"text-align: left; padding-left: 40px;\">\n\t\t\t\t\t\t\t\t<button class=\"regform-button go-regform \" name=\"go_regform\" value=\"0.00\" style=\"width: auto\" id=\"go-regform-1587167891\" class=\"\" href=\"#regform-1587167891\">\n\t\t\t\t\t\tRegister for annual membership\t\t\t\t\t<\/button>\n\t\t\t\t\n\t\t\t<\/p>\n<p style=\"text-align: left;\"><strong>Lifetime membership : 200$ (Multiple subscription rebate available)<br \/><\/strong><\/p>\n<table class=\" aligncenter\" style=\"width: 689px; border-style: dotted;\" width=\"689\">\n<tbody>\n<tr>\n<td style=\"width: 164px; vertical-align: middle; text-align: center;\"><strong>Subsciptions<\/strong><\/td>\n<td style=\"width: 154px; vertical-align: middle; text-align: center;\"><strong>Add<\/strong><\/td>\n<td style=\"width: 153px; vertical-align: middle; text-align: center;\"><strong>Total<\/strong><\/td>\n<td style=\"width: 189px; vertical-align: middle; text-align: center;\"><strong>Individual price<br \/><\/strong><\/td>\n<\/tr>\n<tr>\n<td style=\"width: 164px; vertical-align: middle; text-align: center;\"><span style=\"color: #008000;\"><strong>1 person<\/strong><\/span><\/td>\n<td style=\"width: 154px; vertical-align: middle; text-align: center;\"><span style=\"color: #008000;\"><strong>200,00 $<\/strong><\/span><\/td>\n<td style=\"width: 153px; vertical-align: middle; text-align: center;\"><span style=\"color: #008000;\"><strong>200,00 $<\/strong><\/span><\/td>\n<td style=\"width: 189px; vertical-align: middle; text-align: center;\"><span style=\"color: #008000;\"><strong>200,00 $<\/strong><\/span><\/td>\n<\/tr>\n<tr>\n<td style=\"width: 164px; vertical-align: middle; text-align: center;\">2 persons<\/td>\n<td style=\"width: 154px; vertical-align: middle; text-align: center;\">+150,00$<\/td>\n<td style=\"width: 153px; vertical-align: middle; text-align: center;\">350,00 $<\/td>\n<td style=\"width: 189px; vertical-align: middle; text-align: center;\">175,00 $<\/td>\n<\/tr>\n<tr>\n<td style=\"width: 164px; vertical-align: middle; text-align: center;\">3 persons<\/td>\n<td style=\"width: 154px; vertical-align: middle; text-align: center;\">+150,00$<\/td>\n<td style=\"width: 153px; vertical-align: middle; text-align: center;\">500,00 $<\/td>\n<td style=\"width: 189px; vertical-align: middle; text-align: center;\">166,67 $<\/td>\n<\/tr>\n<tr>\n<td style=\"width: 164px; vertical-align: middle; text-align: center;\">4 persons<\/td>\n<td style=\"width: 154px; vertical-align: middle; text-align: center;\">+150,00$<\/td>\n<td style=\"width: 153px; vertical-align: middle; text-align: center;\">650,00 $<\/td>\n<td style=\"width: 189px; vertical-align: middle; text-align: center;\">162,50 $<\/td>\n<\/tr>\n<tr>\n<td style=\"width: 164px; vertical-align: middle; text-align: center;\">5 persons<\/td>\n<td style=\"width: 154px; vertical-align: middle; text-align: center;\">+100,00$<\/td>\n<td style=\"width: 153px; vertical-align: middle; text-align: center;\">750,00 $<\/td>\n<td style=\"width: 189px; vertical-align: middle; text-align: center;\">150,00 $<\/td>\n<\/tr>\n<tr>\n<td style=\"width: 164px; vertical-align: middle; text-align: center;\">6 persons<\/td>\n<td style=\"width: 154px; vertical-align: middle; text-align: center;\">+100,00$<\/td>\n<td style=\"width: 153px; vertical-align: middle; text-align: center;\">850,00 $<\/td>\n<td style=\"width: 189px; vertical-align: middle; text-align: center;\">141,67 $<\/td>\n<\/tr>\n<tr>\n<td style=\"width: 164px; vertical-align: middle; text-align: center;\">7 persons<\/td>\n<td style=\"width: 154px; vertical-align: middle; text-align: center;\">+100,00$<\/td>\n<td style=\"width: 153px; vertical-align: middle; text-align: center;\">950,00 $<\/td>\n<td style=\"width: 189px; vertical-align: middle; text-align: center;\">135,71 $<\/td>\n<\/tr>\n<tr>\n<td style=\"width: 164px; vertical-align: middle; text-align: center;\">8 persons<\/td>\n<td style=\"width: 154px; vertical-align: middle; text-align: center;\">+100,00$<\/td>\n<td style=\"width: 153px; vertical-align: middle; text-align: center;\">1 050,00 $<\/td>\n<td style=\"width: 189px; vertical-align: middle; text-align: center;\">131,25 $<\/td>\n<\/tr>\n<tr>\n<td style=\"width: 164px; vertical-align: middle; text-align: center;\">9 persons<\/td>\n<td style=\"width: 154px; vertical-align: middle; text-align: center;\">+100,00$<\/td>\n<td style=\"width: 153px; vertical-align: middle; text-align: center;\">1 150,00 $<\/td>\n<td style=\"width: 189px; vertical-align: middle; text-align: center;\">127,78 $<\/td>\n<\/tr>\n<tr>\n<td style=\"width: 164px; vertical-align: middle; text-align: center;\">10 persons<\/td>\n<td style=\"width: 154px; vertical-align: middle; text-align: center;\">+100,00$<\/td>\n<td style=\"width: 153px; vertical-align: middle; text-align: center;\">1 250,00 $<\/td>\n<td style=\"width: 189px; vertical-align: middle; text-align: center;\">125,00 $<\/td>\n<\/tr>\n<\/tbody>\n<\/table>\n<p style=\"padding-left: 40px;\">Pay accordingly with the number of subsciption you want:<\/p>\n<p style=\"padding-left: 40px;\">\n\t\t\t\t\t\t\t\t<button class=\"regform-button go-regform \" name=\"go_regform\" value=\"0.00\" style=\"width: auto\" id=\"go-regform-1611091428\" class=\"\" href=\"#regform-1611091428\">\n\t\t\t\t\t\tRegister for lifetime\t\t\t\t\t<\/button>\n\t\t\t\t\n\t\t\t<\/p>\n<p><strong>MPORTANT: Fill the registration form:<br \/><\/strong><\/p>\n<p style=\"padding-left: 40px;\">For new members and when changin address, it is important to send us the registration form so that we can complete your member file.<\/p>\n<p style=\"padding-left: 40px;\"><a href=\"https:\/\/americaron.org\/wp-content\/uploads\/Formulaire-renouvellement-2025-Annuel.pdf\" target=\"_blank\" rel=\"noopener noreferrer\">Annual subscription form or renewal<\/a><\/p>\n<p style=\"padding-left: 40px;\"><a href=\"https:\/\/americaron.org\/wp-content\/uploads\/Formulaire-renouvellement-2025-A_Vie-Lifetime.pdf\" target=\"_blank\" rel=\"noopener noreferrer\">Lifetime subscription form<\/a><\/p>\n<p style=\"padding-left: 40px;\">(For multiple lifetime member purchase, complete a form for each person.)<\/p>\n<\/p>\n<p>[\/et_pb_text][\/et_pb_column][\/et_pb_row][\/et_pb_section]<\/p>\n","protected":false},"excerpt":{"rendered":"<p>Advantages to becoming a member: Support your association with you annual membership dues Recevoir our newsletter To Hold and to Serve (French with some english translation) Access to the association\u2019s genealogical database. (PDF) Annual membership : (Two options) Receive your journal by email for 30$: * Receive your journal by regular mail for 40$: * [&hellip;]<\/p>\n","protected":false},"author":1,"featured_media":0,"parent":0,"menu_order":0,"comment_status":"closed","ping_status":"closed","template":"","meta":{"_et_pb_use_builder":"on","_et_pb_old_content":"<!-- wp:paragraph -->\r\n<p><strong>Avantages d\u2019\u00eatre membre : <\/strong><\/p>\r\n<!-- \/wp:paragraph -->\r\n\r\n<!-- wp:list -->\r\n<ul>\r\n<li>Supporter votre association par votre cotisation annuelle<\/li>\r\n<li>Recevoir en primeur le bulletin Tenir et servir<\/li>\r\n<li>Avoir acc\u00e8s \u00e0 la banque g\u00e9n\u00e9alogique de l\u2019association.<\/li>\r\n<\/ul>\r\n<p><strong>Co\u00fbt Annuel: 25$<\/strong><\/p>\r\n<p><a href=\"https:\/\/americaron.org\/wp-content\/uploads\/Formulaire-renouvellement-2020-francais-1.pdf\" target=\"_blank\" rel=\"noopener noreferrer\">Formulaire inscription ou renouvellement 2020 francais<\/a><\/p>\r\n<p><a href=\"https:\/\/americaron.org\/wp-content\/uploads\/Formulaire-renouvellement-2020-anglais-1.pdf\" target=\"_blank\" rel=\"noopener noreferrer\">Subscription or renewal form 2020 english<\/a><\/p>\r\n<!-- \/wp:list -->","_et_gb_content_width":"","_exactmetrics_skip_tracking":false,"_exactmetrics_sitenote_active":false,"_exactmetrics_sitenote_note":"","_exactmetrics_sitenote_category":0},"_links":{"self":[{"href":"https:\/\/americaron.org\/en\/wp-json\/wp\/v2\/pages\/14994"}],"collection":[{"href":"https:\/\/americaron.org\/en\/wp-json\/wp\/v2\/pages"}],"about":[{"href":"https:\/\/americaron.org\/en\/wp-json\/wp\/v2\/types\/page"}],"author":[{"embeddable":true,"href":"https:\/\/americaron.org\/en\/wp-json\/wp\/v2\/users\/1"}],"replies":[{"embeddable":true,"href":"https:\/\/americaron.org\/en\/wp-json\/wp\/v2\/comments?post=14994"}],"version-history":[{"count":12,"href":"https:\/\/americaron.org\/en\/wp-json\/wp\/v2\/pages\/14994\/revisions"}],"predecessor-version":[{"id":41469,"href":"https:\/\/americaron.org\/en\/wp-json\/wp\/v2\/pages\/14994\/revisions\/41469"}],"wp:attachment":[{"href":"https:\/\/americaron.org\/en\/wp-json\/wp\/v2\/media?parent=14994"}],"curies":[{"name":"wp","href":"https:\/\/api.w.org\/{rel}","templated":true}]}}