{"id":15192,"date":"2020-03-11T19:06:08","date_gmt":"2020-03-11T19:06:08","guid":{"rendered":"https:\/\/americaron.org\/?page_id=15192"},"modified":"2023-01-19T04:08:12","modified_gmt":"2023-01-19T04:08:12","slug":"les-pionniers-en-amerique","status":"publish","type":"page","link":"https:\/\/americaron.org\/en\/les-pionniers-en-amerique\/","title":{"rendered":"The Pioneers in the Americas"},"content":{"rendered":"\r\n<div id=\"attachment_1175\" style=\"width: 410px\" class=\"wp-caption alignright\"><img aria-describedby=\"caption-attachment-1175\" loading=\"lazy\" class=\"wp-image-1175\" src=\"http:\/\/americaron.org\/wp-content\/uploads\/pierre-tombale.jpg\" alt=\"\" width=\"400\" height=\"267\" \/><p id=\"caption-attachment-1175\" class=\"wp-caption-text\">Monument located in Saint-Jean Port-Joli Credit: www.wikitree.com<\/p><\/div>\r\n<p><strong>History of Robert Caron and Marie Crevet<\/strong><\/p>\r\n\r\n\r\n\r\n<p>&#8220;If we want to know what future we will build, we have to look at our past, because a people who has no memory is a people who has no future. &#8221; Priest Marcel Caron, during his homily on July 6, 1986.<\/p>\r\n\r\n\r\n\r\n\r\n\r\n<p>What was the motivation of the ancestors Robert Caron and Marie Crevet to decide to cross the Atlantic and come to settle in New France, this new country was already recognized for its magnificent landscapes, harsh winters and relationships sometimes tense with certain enemy Indian tribes? Let&#8217;s go back a few years to understand the context of the establishment of the first settlers in Quebec.<\/p>\r\n\r\n\r\n\r\n<p><strong>The Epic History of Champlain, from 1603 to 1635 <\/strong><\/p>\r\n\r\n\r\n\r\n<p>Samuel de Champlain, was a great French navigator, cartographer, soldier, explorer, geographer, commander and author of travel accounts. He founded Quebec City in 1608. As on his previous voyages, and those of former French navigators, he renewed alliances with the Montagnais and the Algonquins, who live north of the St. Lawrence, acquiescing in their persistent demand to help in their wars against their enemies, the Iroquois, also semi-nomads, living southwest of the river. In all, Champlain would have made 12 trips to New France from 1603 to 1635. He died on December 25, 1635, in Quebec during his last trip. Before Robert Caron, Joseph Le Caron was one of the first missionaries to the young colony. Joseph was born in France around 1586, he was a sort of provincial of the R\u00e9collets, a branch of the Franciscans who, like the Jesuits, put the influence of their religious faith before their own lives. This R\u00e9collet, a contemporary and a companion of Champlain, arrived in 1615, seven years after the founding of Quebec. He went up the St. Lawrence to Ville-Marie (Montreal) where, in the presence of Champlain, some French people who accompanied him and some Indian friends of the French, he celebrated the first mass outdoors in Quebec. He also founded the first Huron mission in New France. Joseph was one of those admirable men to be looked at with the eyes of their time. Historical truth forces us to say that without these religious communities of men and women, New France would have been nothing but a beautiful utopia. A country could never have been born and grown from the banks of the St. Lawrence, missionaries were not lineage founders, by definition. They nevertheless participated in the founding of the country. Everything was going well enough for him and for his mission until July 19, 1629, when an English fleet, under the command of David Kirke, these corsairs in the service of England, seized the Quebec trading post by intercepting supply ships from France, which has the effect of reducing Samuel de Champlain and his men to starvation. After the capitulation of Quebec in 1629 before the Kirke brothers, Joseph Le Caron, Champlain and 60 of the 80 inhabitants of the colony, would be forced to return to France. Joseph died there, victim of the plague epidemic of 1632. This Caron &#8220;crazy for God&#8221; had always remained deeply attached to New France. From 1629, Champlain was absent from Quebec until the Treaty of Saint-Germain-en-Laye in 1632 by which England returned to New France (Quebec) to France, which it had captured in 1629. On March 23, 1633, Champlain leaves for Quebec after four years of absence. More than 200 people accompanied him on three ships: Saint Pierre, Saint Jean and the Don de Dieu (the motto of Quebec City is \u201cDon de Dieu ferai valoir\u201d) \u2013 translated into English would be Gift of God would argue. On August 18, 1634, he sent a report to Richelieu saying that he had rebuilt on the ruins of Quebec, enlarged the fortifications, built another house fifteen places upstream, as well as another in Trois-Rivi\u00e8res. He also began an offensive against the Iroquois with the Indian friends of the French. It was not until the summers of 1634 and 1635, in the last eighteen months of his life, that Champlain saw his dream of colonization come true, with the arrival and establishment of a few dozen families of settlers. His eagerness to want to establish a French colony in North America earned him, the nickname &#8220;Father of New France&#8221;.<\/p>\r\n\r\n\r\n\r\n<p><strong>Arriving in New France<\/strong><\/p>\r\n\r\n\r\n\r\n<p>G\u00e9rard Lebel relied on writings attributed to the Intendant Talon, according to whom Robert Caron arrived in Quebec with Robert Giffard, on June 4, 1634. If this is the case, he would have embarked in Dieppe, on a ship of the Hundred Associates commanded by Captain Nesle.<\/p>\r\n\r\n\r\n\r\n<div id=\"attachment_1518\" style=\"width: 410px\" class=\"wp-caption alignright\"><img aria-describedby=\"caption-attachment-1518\" loading=\"lazy\" class=\"wp-image-1518\" src=\"https:\/\/americaron.org\/wp-content\/uploads\/NOuvelle-France-par-Samuel-de-Champlain-300x183.jpg\" alt=\"\" width=\"400\" height=\"244\" \/><p id=\"caption-attachment-1518\" class=\"wp-caption-text\">New France by Samuel de Champlain &#8211; Source: Flickr<\/p><\/div>\r\n<p>In his &#8220;Biographical Dictionary of Quebec Ancestors&#8221;,the genealogist Michel Langlois writes: &#8220;The period and the context of his arrival in the country, as well as the fact that he married a Norman and settled on the C\u00f4te Sainte-Genevi\u00e8ve in 1642, lead us to believe that he himself was of Norman origin. The baptismal certificate of Robert Caron, son of Johan Caron, found in the register of the Saint-Vivien parish of Rouen in 1613, could be his. Michel Langlois sets November 30, 1636, as the date of his arrival in the country.<\/p>\r\n\r\n\r\n\r\n<p>It\u2019s useless to speculate about the mystery of the ancestor&#8217;s origins. What is important is that his marriage to Marie Crevet seemed happy and his establishment in his new home land. Upon his arrival, Robert accomplished many things very quickly, maybe he felt the urgency.<\/p>\r\n\r\n\r\n\r\n<p>Whether he arrived in New France in 1634, or 1635, or even in 1636, Robert Caron is one of the first French to have established himself in New-France. The least we can say is that Robert didn\u2019t take very long to come and he was one of the first founders of this country.<\/p>\r\n\r\n\r\n\r\n<p><strong>Settling Down and Starting a Family With Marie Crevet<\/strong><\/p>\r\n\r\n\r\n\r\n<p>A few months after his arrival in Qu\u00e9bec, Robert Caron establishes himself and marries his wife. At first he settled on the Beaupr\u00e9 coast, east of Montmorency Falls, a place called Longue-Pointe, on land granted to him by Pierre Le Gardeur de Repentigny. On October 25, 1637, he married Marie Crevet in Quebec, daughter of Pierre Crevet and Marie Lemercier, of B\u00e9nouville Bayeux, in Normandy in Calvados. We do not know the date of her arrival in the country either. The population of Quebec was probably under three hundred people. The wedding took place in the Notre-Dame-de-la-Recouvrance chapel in Quebec. He is blessed by the Jesuit Charles Lallemant, who served as a parish priest. Jamen Bourguignon, a friend, No\u00ebl Langlois, an early settler, and Robert Giffard, surgeon and lord, attended the wedding as witnesses. Seven children were born, from this union. Robert did not stay long on the Beaupr\u00e9 coast. In October 1642, he sold his house and his land from Longue-Pointe to Guillaume Couillard for 150 pounds in silver. He then settles in Sainte-Genevi\u00e8ve, among other ancestors of Norman origin.<\/p>\r\n<div id=\"attachment_68\" style=\"width: 410px\" class=\"wp-caption alignright\"><img aria-describedby=\"caption-attachment-68\" loading=\"lazy\" class=\"wp-image-68\" src=\"https:\/\/americaron.org\/wp-content\/uploads\/2020\/02\/Qu\u00e9bec_city_0001_18-wikimedia-org-300x200.jpg\" alt=\"\" width=\"400\" height=\"267\" srcset=\"https:\/\/americaron.org\/wp-content\/uploads\/2020\/02\/Qu\u00e9bec_city_0001_18-wikimedia-org-300x200.jpg 300w, https:\/\/americaron.org\/wp-content\/uploads\/2020\/02\/Qu\u00e9bec_city_0001_18-wikimedia-org-1024x683.jpg 1024w, https:\/\/americaron.org\/wp-content\/uploads\/2020\/02\/Qu\u00e9bec_city_0001_18-wikimedia-org-768x512.jpg 768w, https:\/\/americaron.org\/wp-content\/uploads\/2020\/02\/Qu\u00e9bec_city_0001_18-wikimedia-org-1536x1024.jpg 1536w, https:\/\/americaron.org\/wp-content\/uploads\/2020\/02\/Qu\u00e9bec_city_0001_18-wikimedia-org-2048x1365.jpg 2048w, https:\/\/americaron.org\/wp-content\/uploads\/2020\/02\/Qu\u00e9bec_city_0001_18-wikimedia-org-1080x720.jpg 1080w, https:\/\/americaron.org\/wp-content\/uploads\/2020\/02\/Qu\u00e9bec_city_0001_18-wikimedia-org-1280x854.jpg 1280w, https:\/\/americaron.org\/wp-content\/uploads\/2020\/02\/Qu\u00e9bec_city_0001_18-wikimedia-org-980x653.jpg 980w, https:\/\/americaron.org\/wp-content\/uploads\/2020\/02\/Qu\u00e9bec_city_0001_18-wikimedia-org-480x320.jpg 480w\" sizes=\"(max-width: 400px) 100vw, 400px\" \/><p id=\"caption-attachment-68\" class=\"wp-caption-text\">C\u00f4te de beaupr\u00e9 close to Qu\u00e9bec city. source: commons.wikimedia.org<\/p><\/div>\r\n<p>According to Victor Caron, one of the good genealogists of the Association of Caron Families, this location in Sainte-Genevi\u00e8ve would be on the site of the current Jesuit College, corner Ren\u00e9-L\u00e9vesque and Joffre. In the spring of 1643, he began to clear his land. He was highly appreciated by the leaders of the country. The Compagnie des Cent-Associ\u00e9s gave him the official title of its concession of 40 acres of land three years later, between the properties of Louis S\u00e9dillot and Claude Larchev\u00eaque. Governor Louis D\u2019Ailleboust soon gave him twenty more acres. On December 6, 1652, Governor Jean de Lauzon recognized these two titles to apparently encouraged him to stay there. But the ancestor Caron wants to move. After 12 years spent on his beautiful land in Sainte-Genevi\u00e8ve, in 1654, he sold it to Charles D\u2019Ailleboust, nephew of the governor, for the considerable sum of 1,700 pounds. In fact, he sells all of his Quebec properties for a reason that only he knows. \u00a0<\/p>\r\n\r\n\r\n\r\n<p>A few months earlier, he had bought from Julien Fortin dit Bellefontaine, for 500 pounds, five acres of land on the Beaupr\u00e9 coast, at Sainte-Anne-du-Petit-Cap, less than two kilometres from the current Sainte-Anne basilica.<\/p>\r\n\r\n\r\n\r\n<p>He wouldn\u2019t have time to enjoy his new home on the C\u00f4te de Beaupr\u00e9. On July 8, 1656, he died suddenly at the Quebec Hospital. Accident or illness? We&#8217;ll never know. He was 44 or 45 years old, according to G\u00e9rard Lebel.<\/p>\r\n<div id=\"attachment_40456\" style=\"width: 714px\" class=\"wp-caption aligncenter\"><img aria-describedby=\"caption-attachment-40456\" loading=\"lazy\" class=\"wp-image-40456 size-full\" src=\"https:\/\/americaron.org\/wp-content\/uploads\/1656-ACTE_DECES_DE_ROBERT_CARON_3.gif\" alt=\"\" width=\"704\" height=\"188\" \/><p id=\"caption-attachment-40456\" class=\"wp-caption-text\">Death certificate of Robert Caron<\/p><\/div>\r\n\r\n\r\n\r\n<p><strong>Their Children <\/strong><\/p>\r\n\r\n\r\n\r\n<ul>\r\n<li>Marie, 1639-1660, married June 28, 1656, to Jean Picard. She passed after only four years of marriage. In fact, Marie had been taken by an enemy tribe of eight Indians at the same time as three children whom she was taking care of. At the age of 21 years, she lived on the Hill of Beaupr\u00e9. The kidnappers managed to cross the river with their captives where they were joined at Pointe-L\u00e9vis by Algonquins, friends of the settlers. A fight ensued in which Marie and a child lost their lives. Life in New France was not easy.<\/li>\r\n<li>Jean-Baptiste, 1641-1706, married November 16, 1661, to Marguerite Gagnon. They settled in Sainte-Anne-de-Beaupr\u00e9.<\/li>\r\n<li>Robert, 1647-1714, married November 18, 1674, to Marguerite Cloutier. They settled in Sainte-Anne-de-Beaupr\u00e9.<\/li>\r\n<li>Catherine, 1649-1725, married for the first time on November 30, 1662, to Jacques Dodier; she remarried on April 30, 1680, to Pierre Dupr\u00e9, Lord of the Rivi\u00e8re-du-Gouffre (Baie-Saint-Paul).<\/li>\r\n<li>Joseph, 1652-1711, married on October 27, 1684, to \u00c9lisabeth Bernier. He was the first pioneer of Saint-Jean-Port-Joli in 1678. His family lived at Trois-Saumons.<\/li>\r\n<li>Pierre, 1654-1720, married on February 19, 1678, to Marie-Madeleine Bernier. This was a pioneer family of Cap-Saint-Ignace.<\/li>\r\n<li>Aym\u00e9e, 1655-1685, married on January 6, 1677, to No\u00ebl Langlois (dit Traversy), this couple was settled in Beauport.<\/li>\r\n<\/ul>\r\n\r\n\r\n\r\n<p><strong>After the Death of Robert Caron<\/strong><\/p>\r\n\r\n\r\n\r\n<p>Robert Caron&#8217;s widow waited 10 years before remarrying. Marie Crevet married No\u00ebl Langlois, widower of Fran\u00e7oise Grenier, the same settler who had witnessed her first marriage. To avoid quarrels between the Langlois heirs, they married while keeping their belongings separate. A marriage based on love obviously. In 1684, No\u00ebl Langlois passed away at the age of 80. He was the oldest resident in the country. Marie would live until 1695. Her act of burial gives her 92 years. Lebel said she was 86 years old, which was exceptional longevity at the time. Subsequently, a dozen Caron ancestors were born in New France. The ancestor Robert is the most interesting from a genealogical point of view because he is the first to arrive and because his descendants are the most numerous. Let us pay tribute to our founding ancestors who showed so much courage and determination to succeed in building their homes using the resources available on site, to clear and cultivate the land to feed their families. They knew how to transmit to their descendants the values \u200b\u200bof builders: valour, generosity, tenacity, courage, respect and resourcefulness. For those interested in learning more about the Caron Families of Americas Association, we invite you to obtain the book : \u00ab Les Familles Caron d\u2019Am\u00e9rique, 1984 \u00e0 2004 \u00bb des \u00c9ditions : La Plume d\u2019Oie, 2004, Editor in chief : Marielle Caron. This book was the reference used to write this text along with information from the websites (in french) : <a href=\"http:\/\/claude.Dupras.com\">claude.Dupras.com<\/a>, <a href=\"https:\/\/gw.geneanet.org\">https:\/\/gw.geneanet.org<\/a>.<\/p>\r\n\r\n<p>&nbsp;<\/p>","protected":false},"excerpt":{"rendered":"<p>History of Robert Caron and Marie Crevet &#8220;If we want to know what future we will build, we have to look at our past, because a people who has no memory is a people who has no future. &#8221; Priest Marcel Caron, during his homily on July 6, 1986. What was the motivation of the [&hellip;]<\/p>\n","protected":false},"author":3,"featured_media":0,"parent":0,"menu_order":0,"comment_status":"closed","ping_status":"closed","template":"","meta":{"_et_pb_use_builder":"","_et_pb_old_content":"","_et_gb_content_width":"","_exactmetrics_skip_tracking":false,"_exactmetrics_sitenote_active":false,"_exactmetrics_sitenote_note":"","_exactmetrics_sitenote_category":0},"_links":{"self":[{"href":"https:\/\/americaron.org\/en\/wp-json\/wp\/v2\/pages\/15192"}],"collection":[{"href":"https:\/\/americaron.org\/en\/wp-json\/wp\/v2\/pages"}],"about":[{"href":"https:\/\/americaron.org\/en\/wp-json\/wp\/v2\/types\/page"}],"author":[{"embeddable":true,"href":"https:\/\/americaron.org\/en\/wp-json\/wp\/v2\/users\/3"}],"replies":[{"embeddable":true,"href":"https:\/\/americaron.org\/en\/wp-json\/wp\/v2\/comments?post=15192"}],"version-history":[{"count":6,"href":"https:\/\/americaron.org\/en\/wp-json\/wp\/v2\/pages\/15192\/revisions"}],"predecessor-version":[{"id":40458,"href":"https:\/\/americaron.org\/en\/wp-json\/wp\/v2\/pages\/15192\/revisions\/40458"}],"wp:attachment":[{"href":"https:\/\/americaron.org\/en\/wp-json\/wp\/v2\/media?parent=15192"}],"curies":[{"name":"wp","href":"https:\/\/api.w.org\/{rel}","templated":true}]}}