{"id":15204,"date":"2020-03-11T19:37:27","date_gmt":"2020-03-11T19:37:27","guid":{"rendered":"https:\/\/americaron.org\/?page_id=15204"},"modified":"2022-03-01T16:28:20","modified_gmt":"2022-03-01T16:28:20","slug":"links-on-the-history-and-genealogy","status":"publish","type":"page","link":"https:\/\/americaron.org\/en\/links-on-the-history-and-genealogy\/","title":{"rendered":"Links on the history and genealogy"},"content":{"rendered":"\r\n<p>Below are some useful links for people that would like to do additional research. (Mainly in french)<\/p>\r\n<p>&nbsp;<\/p>\r\n\r\n\r\n\r\n<p><strong>History and Genealogy<\/strong><\/p>\r\n\r\n\r\n\r\n<p>F\u00e9d\u00e9ration qu\u00e9b\u00e9coise des Soci\u00e9t\u00e9s de G\u00e9n\u00e9alogie <a href=\"http:\/\/federationgenealogie.qc.ca\/\">http:\/\/federationgenealogie.qc.ca\/<\/a><\/p>\r\n<p>F\u00e9d\u00e9ration des Associations de familles du Qu\u00e9bec (FAFQ) <a href=\"https:\/\/fafq.org\/associations-de-familles-membres\">https:\/\/fafq.org\/associations-de-familles-membres<\/a><\/p>\r\n<p>Soci\u00e9t\u00e9 de G\u00e9n\u00e9alogie de Qu\u00e9bec <a href=\"https:\/\/www.sgq.qc.ca\">https:\/\/www.sgq.qc.ca<\/a>\/<\/p>\r\n<p>Soci\u00e9t\u00e9 de G\u00e9n\u00e9alogie Canadienne-fran\u00e7aise <a href=\"http:\/\/www.sgcf.com\/index.php\">http:\/\/www.sgcf.com\/index.php<\/a><\/p>\r\n<p>Le site Nos Origines <a href=\"https:\/\/www.nosorigines.qc.ca\/genealogie.aspx?lng=fr\">https:\/\/www.nosorigines.qc.ca\/genealogie.aspx?lng=fr<\/a><\/p>\r\n<p>&nbsp;<\/p>\r\n\r\n\r\n\r\n<p><strong>Archives<\/strong><\/p>\r\n\r\n\r\n\r\n<p>Biblioth\u00e8que et Archives Nationales du Qu\u00e9bec <a href=\"https:\/\/www.banq.qc.ca\/accueil\/\">https:\/\/www.banq.qc.ca\/accueil\/<\/a><\/p>\r\n<p>Universit\u00e9 de Sherbrooke <a href=\"http:\/\/bilan.usherbrooke.ca\/bilan\/\">http:\/\/bilan.usherbrooke.ca\/bilan\/<\/a><\/p>\r\n<p>Dictionnaire biographique du Canada <a href=\"http:\/\/www.biographi.ca\/fr\/\">http:\/\/www.biographi.ca\/fr\/<\/a><\/p>\r\n<p>&nbsp;<\/p>\r\n\r\n\r\n\r\n<p><strong>Cemetaries<\/strong><\/p>\r\n\r\n\r\n\r\n<p>Cimeti\u00e8res du Qu\u00e9bec <a href=\"http:\/\/www.cimetieresduquebec.ca\/\">http:\/\/www.cimetieresduquebec.ca\/<\/a><\/p>\r\n<p>Cimeti\u00e8re Notre-Dame-des-Neiges, Montr\u00e9al <a href=\"https:\/\/www.cimetierenotredamedesneiges.ca\/fr\/\">https:\/\/www.cimetierenotredamedesneiges.ca\/fr\/<\/a><\/p>\r\n<p>Repos St-Fran\u00e7ois-d&#8217;Assise <a href=\"https:\/\/www.rsfa.ca\/fr\/accueil.html\">https:\/\/www.rsfa.ca\/fr\/accueil.html<\/a><\/p>\r\n<p>Find a Grave page <a href=\"https:\/\/www.findagrave.com\/cemetery\">https:\/\/www.findagrave.com\/cemetery<\/a><\/p>\r\n<p>&nbsp;<\/p>\r\n\r\n\r\n\r\n<p><strong>The Carons who bring milk to our tables<\/strong><\/p>\r\n\r\n\r\n\r\n<p><a href=\"https:\/\/laiteriesduquebec.com\/laiteries\/caron-jos.htm\">https:\/\/laiteriesduquebec.com\/laiteries\/caron-jos.htm<\/a><\/p>\r\n<p><a href=\"https:\/\/laiteriesduquebec.com\/laiteries\/caron.htm\">https:\/\/laiteriesduquebec.com\/laiteries\/caron.htm<\/a><\/p>\r\n<p><a href=\"https:\/\/laiteriesduquebec.com\/laiteries\/mtl-caron.htm\">https:\/\/laiteriesduquebec.com\/laiteries\/mtl-caron.htm<\/a><\/p>\r\n<p><a href=\"https:\/\/laiteriesduquebec.com\/laiteries\/caron-beloeil.htm\">https:\/\/laiteriesduquebec.com\/laiteries\/caron-beloeil.htm<\/a><\/p>\r\n\r\n\r\n","protected":false},"excerpt":{"rendered":"<p>Below are some useful links for people that would like to do additional research. (Mainly in french) &nbsp; History and Genealogy F\u00e9d\u00e9ration qu\u00e9b\u00e9coise des Soci\u00e9t\u00e9s de G\u00e9n\u00e9alogie http:\/\/federationgenealogie.qc.ca\/ F\u00e9d\u00e9ration des Associations de familles du Qu\u00e9bec (FAFQ) https:\/\/fafq.org\/associations-de-familles-membres Soci\u00e9t\u00e9 de G\u00e9n\u00e9alogie de Qu\u00e9bec https:\/\/www.sgq.qc.ca\/ Soci\u00e9t\u00e9 de G\u00e9n\u00e9alogie Canadienne-fran\u00e7aise http:\/\/www.sgcf.com\/index.php Le site Nos Origines https:\/\/www.nosorigines.qc.ca\/genealogie.aspx?lng=fr &nbsp; Archives [&hellip;]<\/p>\n","protected":false},"author":3,"featured_media":0,"parent":0,"menu_order":0,"comment_status":"closed","ping_status":"closed","template":"","meta":{"_et_pb_use_builder":"","_et_pb_old_content":"","_et_gb_content_width":"","_exactmetrics_skip_tracking":false,"_exactmetrics_sitenote_active":false,"_exactmetrics_sitenote_note":"","_exactmetrics_sitenote_category":0},"_links":{"self":[{"href":"https:\/\/americaron.org\/en\/wp-json\/wp\/v2\/pages\/15204"}],"collection":[{"href":"https:\/\/americaron.org\/en\/wp-json\/wp\/v2\/pages"}],"about":[{"href":"https:\/\/americaron.org\/en\/wp-json\/wp\/v2\/types\/page"}],"author":[{"embeddable":true,"href":"https:\/\/americaron.org\/en\/wp-json\/wp\/v2\/users\/3"}],"replies":[{"embeddable":true,"href":"https:\/\/americaron.org\/en\/wp-json\/wp\/v2\/comments?post=15204"}],"version-history":[{"count":5,"href":"https:\/\/americaron.org\/en\/wp-json\/wp\/v2\/pages\/15204\/revisions"}],"predecessor-version":[{"id":15209,"href":"https:\/\/americaron.org\/en\/wp-json\/wp\/v2\/pages\/15204\/revisions\/15209"}],"wp:attachment":[{"href":"https:\/\/americaron.org\/en\/wp-json\/wp\/v2\/media?parent=15204"}],"curies":[{"name":"wp","href":"https:\/\/api.w.org\/{rel}","templated":true}]}}